{"id":589,"date":"2018-01-19T17:20:15","date_gmt":"2018-01-19T23:20:15","guid":{"rendered":"https:\/\/www.sisa.hn\/cobertura-y-almacen"},"modified":"2018-04-18T08:43:17","modified_gmt":"2018-04-18T14:43:17","slug":"coverage-area-and-storage","status":"publish","type":"page","link":"https:\/\/www.sisa.hn\/en\/coverage-area-and-storage","title":{"rendered":"Coverage Area and Storage"},"content":{"rendered":"<p>[vc_row equal_height=&#8221;yes&#8221; content_placement=&#8221;middle&#8221; el_class=&#8221;mapa-cobertura&#8221;][vc_column width=&#8221;1\/4&#8243;][ucaddon_uc_clean_counter uc_items_data=&#8221;JTVCJTdCJTIydGl0bGUlMjIlM0ElMjJSdXRhcyUyMiUyQyUyMnRleHRfY29sb3IlMjIlM0ElMjIlMjNjMjMxMzYlMjIlMkMlMjJkdXJhdGlvbiUyMiUzQSUyMjY4JTIyJTJDJTIyaGVhZGluZyUyMiUzQSUyMkRJU1RSSUJVVElPTiUyMFJPVVRFUyUyMiU3RCU1RA==&#8221;][vc_empty_space height=&#8221;50px&#8221;][ucaddon_uc_clean_counter uc_items_data=&#8221;JTVCJTdCJTIydGl0bGUlMjIlM0ElMjJQT0lOVFMlMjBPRiUyMFNBTEVTJTIyJTJDJTIydGV4dF9jb2xvciUyMiUzQSUyMiUyM2MyMzEzNiUyMiUyQyUyMmR1cmF0aW9uJTIyJTNBJTIyMjIwOTMlMjIlMkMlMjJoZWFkaW5nJTIyJTNBJTIyUE9JTlRTJTIwT0YlMjBTQUxFUyUyMiU3RCU1RA==&#8221;][\/vc_column][vc_column width=&#8221;3\/4&#8243;][vc_column_text]<div id=\"mapplic-id665\" data-mapdata=\"{&quot;mapwidth&quot;:&quot;892&quot;,&quot;mapheight&quot;:&quot;507&quot;,&quot;minimap&quot;:false,&quot;clearbutton&quot;:false,&quot;zoombuttons&quot;:false,&quot;sidebar&quot;:false,&quot;search&quot;:false,&quot;hovertip&quot;:true,&quot;mousewheel&quot;:true,&quot;fullscreen&quot;:false,&quot;deeplinking&quot;:true,&quot;mapfill&quot;:false,&quot;zoom&quot;:false,&quot;alphabetic&quot;:false,&quot;zoomlimit&quot;:&quot;3&quot;,&quot;action&quot;:&quot;tooltip&quot;,&quot;categories&quot;:[],&quot;levels&quot;:[{&quot;id&quot;:&quot;sisa&quot;,&quot;title&quot;:&quot;Surtidora Internacional&quot;,&quot;map&quot;:&quot;https:\/\/www.sisa.hn\/wp-content\/uploads\/2018\/04\/mapa-honduras-surtidora-internacional.svg&quot;,&quot;minimap&quot;:&quot;&quot;,&quot;locations&quot;:[{&quot;id&quot;:&quot;gracias-a-dios&quot;,&quot;title&quot;:&quot;Gracias a Dios&quot;,&quot;pin&quot;:&quot;circular pin-md pin-pulse pin-label&quot;,&quot;label&quot;:&quot;GD&quot;,&quot;fill&quot;:&quot;#a2bc32&quot;,&quot;category&quot;:&quot;false&quot;,&quot;action&quot;:&quot;tooltip&quot;,&quot;x&quot;:&quot;0.7645&quot;,&quot;y&quot;:&quot;0.3701&quot;},{&quot;id&quot;:&quot;colon&quot;,&quot;title&quot;:&quot;Col&oacute;n&quot;,&quot;pin&quot;:&quot;circular pin-md pin-pulse pin-label&quot;,&quot;label&quot;:&quot;Cl&quot;,&quot;fill&quot;:&quot;#a2bc32&quot;,&quot;category&quot;:&quot;false&quot;,&quot;action&quot;:&quot;tooltip&quot;,&quot;x&quot;:&quot;0.5791&quot;,&quot;y&quot;:&quot;0.2415&quot;},{&quot;id&quot;:&quot;atlantida&quot;,&quot;title&quot;:&quot;Atl&aacute;ntida&quot;,&quot;pin&quot;:&quot;circular pin-md pin-pulse pin-label&quot;,&quot;label&quot;:&quot;At&quot;,&quot;fill&quot;:&quot;#a2bc32&quot;,&quot;category&quot;:&quot;false&quot;,&quot;action&quot;:&quot;tooltip&quot;,&quot;x&quot;:&quot;0.3545&quot;,&quot;y&quot;:&quot;0.2749&quot;},{&quot;id&quot;:&quot;yoro&quot;,&quot;title&quot;:&quot;Yoro&quot;,&quot;pin&quot;:&quot;circular pin-md pin-pulse pin-label&quot;,&quot;label&quot;:&quot;Yr&quot;,&quot;fill&quot;:&quot;#a2bc32&quot;,&quot;category&quot;:&quot;false&quot;,&quot;action&quot;:&quot;tooltip&quot;,&quot;x&quot;:&quot;0.3450&quot;,&quot;y&quot;:&quot;0.3891&quot;},{&quot;id&quot;:&quot;cortes&quot;,&quot;title&quot;:&quot;Cort&eacute;s&quot;,&quot;pin&quot;:&quot;circular pin-md pin-pulse pin-label&quot;,&quot;label&quot;:&quot;Ct&quot;,&quot;fill&quot;:&quot;#a2bc32&quot;,&quot;category&quot;:&quot;false&quot;,&quot;action&quot;:&quot;tooltip&quot;,&quot;x&quot;:&quot;0.2476&quot;,&quot;y&quot;:&quot;0.3177&quot;},{&quot;id&quot;:&quot;islas-de-la-bahia&quot;,&quot;title&quot;:&quot;Islas de la Bah&iacute;a&quot;,&quot;pin&quot;:&quot;circular pin-md pin-pulse pin-label&quot;,&quot;label&quot;:&quot;IB&quot;,&quot;fill&quot;:&quot;#a2bc32&quot;,&quot;category&quot;:&quot;false&quot;,&quot;action&quot;:&quot;tooltip&quot;,&quot;x&quot;:&quot;0.4678&quot;,&quot;y&quot;:&quot;0.0891&quot;},{&quot;id&quot;:&quot;santa-barbara&quot;,&quot;title&quot;:&quot;Santa Barbara&quot;,&quot;pin&quot;:&quot;circular pin-md pin-pulse pin-label&quot;,&quot;label&quot;:&quot;SB&quot;,&quot;fill&quot;:&quot;#a2bc32&quot;,&quot;category&quot;:&quot;false&quot;,&quot;action&quot;:&quot;tooltip&quot;,&quot;x&quot;:&quot;0.1948&quot;,&quot;y&quot;:&quot;0.4010&quot;},{&quot;id&quot;:&quot;copan&quot;,&quot;title&quot;:&quot;Cop&aacute;n&quot;,&quot;pin&quot;:&quot;circular pin-md pin-pulse pin-label&quot;,&quot;label&quot;:&quot;Cp&quot;,&quot;fill&quot;:&quot;#a2bc32&quot;,&quot;category&quot;:&quot;false&quot;,&quot;action&quot;:&quot;tooltip&quot;,&quot;x&quot;:&quot;0.1163&quot;,&quot;y&quot;:&quot;0.4582&quot;},{&quot;id&quot;:&quot;ocotepeque&quot;,&quot;title&quot;:&quot;Ocotepeque&quot;,&quot;pin&quot;:&quot;circular pin-md pin-pulse pin-label&quot;,&quot;label&quot;:&quot;Op&quot;,&quot;fill&quot;:&quot;#a2bc32&quot;,&quot;category&quot;:&quot;false&quot;,&quot;action&quot;:&quot;tooltip&quot;,&quot;x&quot;:&quot;0.0960&quot;,&quot;y&quot;:&quot;0.5772&quot;}]}],&quot;maxscale&quot;:3,&quot;zoomoutclose&quot;:false,&quot;fillcolor&quot;:&quot;#a2bc32&quot;,&quot;topLat&quot;:&quot;&quot;,&quot;leftLng&quot;:&quot;&quot;,&quot;bottomLat&quot;:&quot;&quot;,&quot;rightLng&quot;:&quot;&quot;}\"><\/div>[\/vc_column_text][\/vc_column][\/vc_row][vc_row css=&#8221;.vc_custom_1516831576729{padding-top: 6% !important;padding-bottom: 6% !important;}&#8221; el_id=&#8221;puntos-venta&#8221; el_class=&#8221;puntos-venta&#8221;][vc_column][vc_column_text]<\/p>\n<h2 class=\"widget-title\" style=\"color: #c23136;\">Points of Sales<\/h2>\n<p>[\/vc_column_text][ucaddon_uc_basic_counter uc_items_data=&#8221;JTVCJTdCJTIydGl0bGUlMjIlM0ElMjJIb3RlbHMlMjIlMkMlMjJpY29uJTIyJTNBJTIyZmElMjBmYS1ob3RlbCUyMiUyQyUyMmR1cmF0aW9uJTIyJTNBJTIyMTA1JTIyJTJDJTIyaGVhZGluZyUyMiUzQSUyMkhvdGVscyUyMiUyQyUyMnRleHRfY29sb3IlMjIlM0ElMjIlMjNmZmZmZmYlMjIlN0QlMkMlN0IlMjJ0aXRsZSUyMiUzQSUyMkJhciUyMGFuZCUyMFJlc3RhdXJhbnRzJTIyJTJDJTIyaWNvbiUyMiUzQSUyMmZhJTIwZmEtY3V0bGVyeSUyMiUyQyUyMmR1cmF0aW9uJTIyJTNBJTIyMTIyJTIyJTJDJTIyaGVhZGluZyUyMiUzQSUyMkJhciUyMGFuZCUyMFJlc3RhdXJhbnRzJTIyJTJDJTIydGV4dF9jb2xvciUyMiUzQSUyMiUyM2ZmZmZmZiUyMiU3RCUyQyU3QiUyMnRpdGxlJTIyJTNBJTIyV2hvbGVzYWxlcnMlMjIlMkMlMjJpY29uJTIyJTNBJTIyZmElMjBmYS1zaG9wcGluZy1iYWclMjIlMkMlMjJkdXJhdGlvbiUyMiUzQSUyMjY0NyUyMiUyQyUyMmhlYWRpbmclMjIlM0ElMjJXaG9sZXNhbGVycyUyMiUyQyUyMnRleHRfY29sb3IlMjIlM0ElMjIlMjNmZmZmZmYlMjIlN0QlMkMlN0IlMjJ0aXRsZSUyMiUzQSUyMlBoYXJtYWNpZXMlMjIlMkMlMjJpY29uJTIyJTNBJTIyZmElMjBmYS1tZWRraXQlMjIlMkMlMjJkdXJhdGlvbiUyMiUzQSUyMjM3JTIyJTJDJTIyaGVhZGluZyUyMiUzQSUyMlBoYXJtYWNpZXMlMjIlMkMlMjJ0ZXh0X2NvbG9yJTIyJTNBJTIyJTIzZmZmZmZmJTIyJTdEJTJDJTdCJTIydGl0bGUlMjIlM0ElMjJDb252ZW5pZW50JTIwU3RvcmVzJTIyJTJDJTIyaWNvbiUyMiUzQSUyMmZhJTIwZmEtc2hvcHBpbmctYmFza2V0JTIyJTJDJTIyZHVyYXRpb24lMjIlM0ElMjI0NSUyMiUyQyUyMmhlYWRpbmclMjIlM0ElMjJDb252ZW5pZW50JTIwU3RvcmVzJTIyJTJDJTIydGV4dF9jb2xvciUyMiUzQSUyMiUyM2ZmZmZmZiUyMiU3RCUyQyU3QiUyMnRpdGxlJTIyJTNBJTIyR3JvY2VyeSUyMFN0b3JlcyUyMiUyQyUyMmljb24lMjIlM0ElMjJmYSUyMGZhLXNob3BwaW5nLWNhcnQlMjIlMkMlMjJkdXJhdGlvbiUyMiUzQSUyMjE1NSUyMiUyQyUyMmhlYWRpbmclMjIlM0ElMjJHcm9jZXJ5JTIwU3RvcmVzJTIyJTJDJTIydGV4dF9jb2xvciUyMiUzQSUyMiUyM2ZmZmZmZiUyMiU3RCU1RA==&#8221;][\/vc_column][\/vc_row][vc_row equal_height=&#8221;yes&#8221; content_placement=&#8221;middle&#8221; el_class=&#8221;puntos-de-venta&#8221;][vc_column width=&#8221;1\/2&#8243;][ucaddon_uc_clean_counter uc_items_data=&#8221;JTVCJTdCJTIydGl0bGUlMjIlM0ElMjIlMjIlMkMlMjJ0ZXh0X2NvbG9yJTIyJTNBJTIyJTIzYzIzMTM2JTIyJTJDJTIyZHVyYXRpb24lMjIlM0ElMjIyMTEzMiUyMiUyQyUyMmhlYWRpbmclMjIlM0ElMjIlMjIlN0QlNUQ=&#8221;][vc_column_text]<\/p>\n<p style=\"text-align: center; color: #c23136; font-size: 50px; line-height: 100%; font-weight: bold;\">PULPERIAS<\/p>\n<p>[\/vc_column_text][\/vc_column][vc_column width=&#8221;1\/2&#8243;][vc_single_image image=&#8221;114&#8243; img_size=&#8221;full&#8221; alignment=&#8221;center&#8221;][\/vc_column][\/vc_row][vc_row el_id=&#8221;almacen&#8221;][vc_column][vc_empty_space][vc_column_text css=&#8221;.vc_custom_1521158231117{background-color: #ffffff !important;}&#8221;]<\/p>\n<h2 class=\"widget-title\" style=\"color: #c23136;\">Storage<\/h2>\n<p>[\/vc_column_text][vc_row_inner equal_height=&#8221;yes&#8221; content_placement=&#8221;middle&#8221;][vc_column_inner width=&#8221;1\/2&#8243;][vc_single_image image=&#8221;166&#8243; img_size=&#8221;full&#8221; alignment=&#8221;center&#8221;][\/vc_column_inner][vc_column_inner width=&#8221;1\/2&#8243;][vc_column_text][\/vc_column_text][vc_column_text]<\/p>\n<p style=\"text-align: center; color: #c23136; font-size: 50px; line-height: 100%; font-weight: bold;\">STORAGE AREA<br \/>\n15,000 M2<\/p>\n<p>[\/vc_column_text][\/vc_column_inner][\/vc_row_inner][\/vc_column][\/vc_row][vc_row parallax=&#8221;content-moving&#8221; parallax_image=&#8221;92&#8243; css=&#8221;.vc_custom_1519236117277{padding-bottom: 32px !important;}&#8221; el_id=&#8221;contacto&#8221;][vc_column width=&#8221;1\/6&#8243;][\/vc_column][vc_column width=&#8221;2\/3&#8243;][vc_row_inner][vc_column_inner css=&#8221;.vc_custom_1516801566840{background-color: rgba(0,0,0,0.5) !important;*background-color: rgb(0,0,0) !important;}&#8221;][vc_column_text]<\/p>\n<h2 style=\"text-align: center; color: #fff;\">CONTACT US<\/h2>\n<p>[\/vc_column_text][\/vc_column_inner][\/vc_row_inner][vc_row_inner][vc_column_inner][vc_empty_space height=&#8221;5px&#8221;][\/vc_column_inner][\/vc_row_inner][vc_row_inner gap=&#8221;4&#8243;][vc_column_inner width=&#8221;1\/4&#8243; css=&#8221;.vc_custom_1524062392205{background-color: rgba(0,0,0,0.5) !important;*background-color: rgb(0,0,0) !important;}&#8221;][vc_icon icon_fontawesome=&#8221;fa fa-facebook&#8221; color=&#8221;white&#8221; align=&#8221;center&#8221; link=&#8221;url:https%3A%2F%2Fwww.facebook.com%2FSISAHONDURAS%2F|title:Facebook%20Surtidora%20Internacional|target:%20_blank|&#8221;][\/vc_column_inner][vc_column_inner width=&#8221;1\/4&#8243; css=&#8221;.vc_custom_1516801627070{background-color: rgba(0,0,0,0.5) !important;*background-color: rgb(0,0,0) !important;}&#8221;][vc_icon icon_fontawesome=&#8221;fa fa-linkedin&#8221; color=&#8221;white&#8221; align=&#8221;center&#8221; link=&#8221;url:https%3A%2F%2Fwww.linkedin.com%2Fcompany%2Fsurtidora-internacional-sisa%2F%20|title:Linkedin%20Surtidora%20Internacional|target:%20_blank|&#8221;][\/vc_column_inner][vc_column_inner width=&#8221;1\/4&#8243; css=&#8221;.vc_custom_1516801634278{background-color: rgba(0,0,0,0.5) !important;*background-color: rgb(0,0,0) !important;}&#8221;][vc_icon icon_fontawesome=&#8221;fa fa-envelope&#8221; color=&#8221;white&#8221; align=&#8221;center&#8221; link=&#8221;url:https%3A%2F%2Fcodis.hn%2Fcontactenos|title:Cont%C3%A1ctanos%20||&#8221;][\/vc_column_inner][vc_column_inner width=&#8221;1\/4&#8243; css=&#8221;.vc_custom_1516801642807{background-color: rgba(0,0,0,0.5) !important;*background-color: rgb(0,0,0) !important;}&#8221;][vc_icon icon_fontawesome=&#8221;fa fa-phone&#8221; color=&#8221;white&#8221; align=&#8221;center&#8221; link=&#8221;url:tel%3A%2B5042556-6440|title:Llamar%20a%20Compa%C3%B1%C3%ADa%20Distribuidora||&#8221;][\/vc_column_inner][\/vc_row_inner][\/vc_column][vc_column width=&#8221;1\/6&#8243;][\/vc_column][\/vc_row]<\/p>\n","protected":false},"excerpt":{"rendered":"<p>[vc_row equal_height=&#8221;yes&#8221; content_placement=&#8221;middle&#8221; el_class=&#8221;mapa-cobertura&#8221;][vc_column width=&#8221;1\/4&#8243;][ucaddon_uc_clean_counter uc_items_data=&#8221;JTVCJTdCJTIydGl0bGUlMjIlM0ElMjJSdXRhcyUyMiUyQyUyMnRleHRfY29sb3IlMjIlM0ElMjIlMjNjMjMxMzYlMjIlMkMlMjJkdXJhdGlvbiUyMiUzQSUyMjY4JTIyJTJDJTIyaGVhZGluZyUyMiUzQSUyMkRJU1RSSUJVVElPTiUyMFJPVVRFUyUyMiU3RCU1RA==&#8221;][vc_empty_space height=&#8221;50px&#8221;][ucaddon_uc_clean_counter uc_items_data=&#8221;JTVCJTdCJTIydGl0bGUlMjIlM0ElMjJQT0lOVFMlMjBPRiUyMFNBTEVTJTIyJTJDJTIydGV4dF9jb2xvciUyMiUzQSUyMiUyM2MyMzEzNiUyMiUyQyUyMmR1cmF0aW9uJTIyJTNBJTIyMjIwOTMlMjIlMkMlMjJoZWFkaW5nJTIyJTNBJTIyUE9JTlRTJTIwT0YlMjBTQUxFUyUyMiU3RCU1RA==&#8221;][\/vc_column][vc_column width=&#8221;3\/4&#8243;][vc_column_text][\/vc_column_text][\/vc_column][\/vc_row][vc_row css=&#8221;.vc_custom_1516831576729{padding-top: 6% !important;padding-bottom: 6% !important;}&#8221; el_id=&#8221;puntos-venta&#8221; el_class=&#8221;puntos-venta&#8221;][vc_column][vc_column_text] Points of Sales [\/vc_column_text][ucaddon_uc_basic_counter uc_items_data=&#8221;JTVCJTdCJTIydGl0bGUlMjIlM0ElMjJIb3RlbHMlMjIlMkMlMjJpY29uJTIyJTNBJTIyZmElMjBmYS1ob3RlbCUyMiUyQyUyMmR1cmF0aW9uJTIyJTNBJTIyMTA1JTIyJTJDJTIyaGVhZGluZyUyMiUzQSUyMkhvdGVscyUyMiUyQyUyMnRleHRfY29sb3IlMjIlM0ElMjIlMjNmZmZmZmYlMjIlN0QlMkMlN0IlMjJ0aXRsZSUyMiUzQSUyMkJhciUyMGFuZCUyMFJlc3RhdXJhbnRzJTIyJTJDJTIyaWNvbiUyMiUzQSUyMmZhJTIwZmEtY3V0bGVyeSUyMiUyQyUyMmR1cmF0aW9uJTIyJTNBJTIyMTIyJTIyJTJDJTIyaGVhZGluZyUyMiUzQSUyMkJhciUyMGFuZCUyMFJlc3RhdXJhbnRzJTIyJTJDJTIydGV4dF9jb2xvciUyMiUzQSUyMiUyM2ZmZmZmZiUyMiU3RCUyQyU3QiUyMnRpdGxlJTIyJTNBJTIyV2hvbGVzYWxlcnMlMjIlMkMlMjJpY29uJTIyJTNBJTIyZmElMjBmYS1zaG9wcGluZy1iYWclMjIlMkMlMjJkdXJhdGlvbiUyMiUzQSUyMjY0NyUyMiUyQyUyMmhlYWRpbmclMjIlM0ElMjJXaG9sZXNhbGVycyUyMiUyQyUyMnRleHRfY29sb3IlMjIlM0ElMjIlMjNmZmZmZmYlMjIlN0QlMkMlN0IlMjJ0aXRsZSUyMiUzQSUyMlBoYXJtYWNpZXMlMjIlMkMlMjJpY29uJTIyJTNBJTIyZmElMjBmYS1tZWRraXQlMjIlMkMlMjJkdXJhdGlvbiUyMiUzQSUyMjM3JTIyJTJDJTIyaGVhZGluZyUyMiUzQSUyMlBoYXJtYWNpZXMlMjIlMkMlMjJ0ZXh0X2NvbG9yJTIyJTNBJTIyJTIzZmZmZmZmJTIyJTdEJTJDJTdCJTIydGl0bGUlMjIlM0ElMjJDb252ZW5pZW50JTIwU3RvcmVzJTIyJTJDJTIyaWNvbiUyMiUzQSUyMmZhJTIwZmEtc2hvcHBpbmctYmFza2V0JTIyJTJDJTIyZHVyYXRpb24lMjIlM0ElMjI0NSUyMiUyQyUyMmhlYWRpbmclMjIlM0ElMjJDb252ZW5pZW50JTIwU3RvcmVzJTIyJTJDJTIydGV4dF9jb2xvciUyMiUzQSUyMiUyM2ZmZmZmZiUyMiU3RCUyQyU3QiUyMnRpdGxlJTIyJTNBJTIyR3JvY2VyeSUyMFN0b3JlcyUyMiUyQyUyMmljb24lMjIlM0ElMjJmYSUyMGZhLXNob3BwaW5nLWNhcnQlMjIlMkMlMjJkdXJhdGlvbiUyMiUzQSUyMjE1NSUyMiUyQyUyMmhlYWRpbmclMjIlM0ElMjJHcm9jZXJ5JTIwU3RvcmVzJTIyJTJDJTIydGV4dF9jb2xvciUyMiUzQSUyMiUyM2ZmZmZmZiUyMiU3RCU1RA==&#8221;][\/vc_column][\/vc_row][vc_row equal_height=&#8221;yes&#8221; content_placement=&#8221;middle&#8221; el_class=&#8221;puntos-de-venta&#8221;][vc_column width=&#8221;1\/2&#8243;][ucaddon_uc_clean_counter uc_items_data=&#8221;JTVCJTdCJTIydGl0bGUlMjIlM0ElMjIlMjIlMkMlMjJ0ZXh0X2NvbG9yJTIyJTNBJTIyJTIzYzIzMTM2JTIyJTJDJTIyZHVyYXRpb24lMjIlM0ElMjIyMTEzMiUyMiUyQyUyMmhlYWRpbmclMjIlM0ElMjIlMjIlN0QlNUQ=&#8221;][vc_column_text] PULPERIAS [\/vc_column_text][\/vc_column][vc_column width=&#8221;1\/2&#8243;][vc_single_image image=&#8221;114&#8243; img_size=&#8221;full&#8221; alignment=&#8221;center&#8221;][\/vc_column][\/vc_row][vc_row el_id=&#8221;almacen&#8221;][vc_column][vc_empty_space][vc_column_text css=&#8221;.vc_custom_1521158231117{background-color: #ffffff !important;}&#8221;] Storage [\/vc_column_text][vc_row_inner equal_height=&#8221;yes&#8221; content_placement=&#8221;middle&#8221;][vc_column_inner width=&#8221;1\/2&#8243;][vc_single_image image=&#8221;166&#8243; img_size=&#8221;full&#8221; alignment=&#8221;center&#8221;][\/vc_column_inner][vc_column_inner width=&#8221;1\/2&#8243;][vc_column_text][\/vc_column_text][vc_column_text] STORAGE AREA 15,000 M2 [\/vc_column_text][\/vc_column_inner][\/vc_row_inner][\/vc_column][\/vc_row][vc_row parallax=&#8221;content-moving&#8221; parallax_image=&#8221;92&#8243; css=&#8221;.vc_custom_1519236117277{padding-bottom: 32px !important;}&#8221; [&hellip;]<\/p>\n","protected":false},"author":1,"featured_media":558,"parent":0,"menu_order":0,"comment_status":"closed","ping_status":"closed","template":"","meta":{"_mi_skip_tracking":false},"acf":[],"yoast_head":"<!-- This site is optimized with the Yoast SEO plugin v19.5.1 - https:\/\/yoast.com\/wordpress\/plugins\/seo\/ -->\n<title>Coverage Area and Storage of Surtidora Internacional<\/title>\n<meta name=\"description\" content=\"Coverage Area and Storage are two strong characteristics that define Surtidora Internacional, with a storage area of 15,000 M2 and 68 distribution routes.\" \/>\n<meta name=\"robots\" content=\"index, follow, max-snippet:-1, max-image-preview:large, max-video-preview:-1\" \/>\n<link rel=\"canonical\" href=\"https:\/\/www.sisa.hn\/en\/coverage-area-and-storage\" \/>\n<meta property=\"og:locale\" content=\"en_US\" \/>\n<meta property=\"og:type\" content=\"article\" \/>\n<meta property=\"og:title\" content=\"Coverage Area and Storage of Surtidora Internacional\" \/>\n<meta property=\"og:description\" content=\"Cobertura y almac\u00e9n son dos fuertes caracter\u00edsticas que definen a Surtidora Internacional, contando con un \u00e1rea de almacenaje de 9,000 M2 y 75 rutas de distribuci\u00f3n.\" \/>\n<meta property=\"og:url\" content=\"https:\/\/www.sisa.hn\/en\/coverage-area-and-storage\" \/>\n<meta property=\"og:site_name\" content=\"Surtidora Internacional\" \/>\n<meta property=\"article:modified_time\" content=\"2018-04-18T14:43:17+00:00\" \/>\n<meta property=\"og:image\" content=\"https:\/\/www.sisa.hn\/wp-content\/uploads\/2018\/03\/compania-distribuidora-cobertura-y-almacen.jpg\" \/>\n\t<meta property=\"og:image:width\" content=\"1917\" \/>\n\t<meta property=\"og:image:height\" content=\"1327\" \/>\n\t<meta property=\"og:image:type\" content=\"image\/jpeg\" \/>\n<meta name=\"twitter:card\" content=\"summary_large_image\" \/>\n<meta name=\"twitter:title\" content=\"Coverage Area and Storage of Surtidora Internacional\" \/>\n<meta name=\"twitter:description\" content=\"Cobertura y almac\u00e9n son dos fuertes caracter\u00edsticas que definen a Surtidora Internacional, contando con un \u00e1rea de almacenaje de 9,000 M2 y 75 rutas de distribuci\u00f3n.\" \/>\n<meta name=\"twitter:image\" content=\"https:\/\/www.sisa.hn\/wp-content\/uploads\/2018\/03\/compania-distribuidora-cobertura-y-almacen.jpg\" \/>\n<meta name=\"twitter:label1\" content=\"Est. reading time\" \/>\n\t<meta name=\"twitter:data1\" content=\"3 minutes\" \/>\n<script type=\"application\/ld+json\" class=\"yoast-schema-graph\">{\"@context\":\"https:\/\/schema.org\",\"@graph\":[{\"@type\":\"WebPage\",\"@id\":\"https:\/\/www.sisa.hn\/en\/coverage-area-and-storage\",\"url\":\"https:\/\/www.sisa.hn\/en\/coverage-area-and-storage\",\"name\":\"Coverage Area and Storage of Surtidora Internacional\",\"isPartOf\":{\"@id\":\"https:\/\/www.sisa.hn\/en\/#website\"},\"datePublished\":\"2018-01-19T23:20:15+00:00\",\"dateModified\":\"2018-04-18T14:43:17+00:00\",\"description\":\"Coverage Area and Storage are two strong characteristics that define Surtidora Internacional, with a storage area of 15,000 M2 and 68 distribution routes.\",\"breadcrumb\":{\"@id\":\"https:\/\/www.sisa.hn\/en\/coverage-area-and-storage#breadcrumb\"},\"inLanguage\":\"en-US\",\"potentialAction\":[{\"@type\":\"ReadAction\",\"target\":[\"https:\/\/www.sisa.hn\/en\/coverage-area-and-storage\"]}]},{\"@type\":\"BreadcrumbList\",\"@id\":\"https:\/\/www.sisa.hn\/en\/coverage-area-and-storage#breadcrumb\",\"itemListElement\":[{\"@type\":\"ListItem\",\"position\":1,\"name\":\"Portada\",\"item\":\"https:\/\/www.sisa.hn\/en\"},{\"@type\":\"ListItem\",\"position\":2,\"name\":\"Coverage Area and Storage\"}]},{\"@type\":\"WebSite\",\"@id\":\"https:\/\/www.sisa.hn\/en\/#website\",\"url\":\"https:\/\/www.sisa.hn\/en\/\",\"name\":\"Surtidora Internacional\",\"description\":\"\",\"publisher\":{\"@id\":\"https:\/\/www.sisa.hn\/en\/#organization\"},\"potentialAction\":[{\"@type\":\"SearchAction\",\"target\":{\"@type\":\"EntryPoint\",\"urlTemplate\":\"https:\/\/www.sisa.hn\/en\/?s={search_term_string}\"},\"query-input\":\"required name=search_term_string\"}],\"inLanguage\":\"en-US\"},{\"@type\":\"Organization\",\"@id\":\"https:\/\/www.sisa.hn\/en\/#organization\",\"name\":\"Surtidora Internacional\",\"url\":\"https:\/\/www.sisa.hn\/en\/\",\"sameAs\":[\"https:\/\/www.linkedin.com\/company\/surtidora-internacional-sisa\"],\"logo\":{\"@type\":\"ImageObject\",\"inLanguage\":\"en-US\",\"@id\":\"https:\/\/www.sisa.hn\/en\/#\/schema\/logo\/image\/\",\"url\":\"https:\/\/www.sisa.hn\/wp-content\/uploads\/2018\/04\/logotipo-surtudira-internacional-de-honduras-sisa-lider-en-distribucion-y-servicio.png\",\"contentUrl\":\"https:\/\/www.sisa.hn\/wp-content\/uploads\/2018\/04\/logotipo-surtudira-internacional-de-honduras-sisa-lider-en-distribucion-y-servicio.png\",\"width\":199,\"height\":62,\"caption\":\"Surtidora Internacional\"},\"image\":{\"@id\":\"https:\/\/www.sisa.hn\/en\/#\/schema\/logo\/image\/\"}}]}<\/script>\n<!-- \/ Yoast SEO plugin. -->","yoast_head_json":{"title":"Coverage Area and Storage of Surtidora Internacional","description":"Coverage Area and Storage are two strong characteristics that define Surtidora Internacional, with a storage area of 15,000 M2 and 68 distribution routes.","robots":{"index":"index","follow":"follow","max-snippet":"max-snippet:-1","max-image-preview":"max-image-preview:large","max-video-preview":"max-video-preview:-1"},"canonical":"https:\/\/www.sisa.hn\/en\/coverage-area-and-storage","og_locale":"en_US","og_type":"article","og_title":"Coverage Area and Storage of Surtidora Internacional","og_description":"Cobertura y almac\u00e9n son dos fuertes caracter\u00edsticas que definen a Surtidora Internacional, contando con un \u00e1rea de almacenaje de 9,000 M2 y 75 rutas de distribuci\u00f3n.","og_url":"https:\/\/www.sisa.hn\/en\/coverage-area-and-storage","og_site_name":"Surtidora Internacional","article_modified_time":"2018-04-18T14:43:17+00:00","og_image":[{"width":1917,"height":1327,"url":"https:\/\/www.sisa.hn\/wp-content\/uploads\/2018\/03\/compania-distribuidora-cobertura-y-almacen.jpg","type":"image\/jpeg"}],"twitter_card":"summary_large_image","twitter_title":"Coverage Area and Storage of Surtidora Internacional","twitter_description":"Cobertura y almac\u00e9n son dos fuertes caracter\u00edsticas que definen a Surtidora Internacional, contando con un \u00e1rea de almacenaje de 9,000 M2 y 75 rutas de distribuci\u00f3n.","twitter_image":"https:\/\/www.sisa.hn\/wp-content\/uploads\/2018\/03\/compania-distribuidora-cobertura-y-almacen.jpg","twitter_misc":{"Est. reading time":"3 minutes"},"schema":{"@context":"https:\/\/schema.org","@graph":[{"@type":"WebPage","@id":"https:\/\/www.sisa.hn\/en\/coverage-area-and-storage","url":"https:\/\/www.sisa.hn\/en\/coverage-area-and-storage","name":"Coverage Area and Storage of Surtidora Internacional","isPartOf":{"@id":"https:\/\/www.sisa.hn\/en\/#website"},"datePublished":"2018-01-19T23:20:15+00:00","dateModified":"2018-04-18T14:43:17+00:00","description":"Coverage Area and Storage are two strong characteristics that define Surtidora Internacional, with a storage area of 15,000 M2 and 68 distribution routes.","breadcrumb":{"@id":"https:\/\/www.sisa.hn\/en\/coverage-area-and-storage#breadcrumb"},"inLanguage":"en-US","potentialAction":[{"@type":"ReadAction","target":["https:\/\/www.sisa.hn\/en\/coverage-area-and-storage"]}]},{"@type":"BreadcrumbList","@id":"https:\/\/www.sisa.hn\/en\/coverage-area-and-storage#breadcrumb","itemListElement":[{"@type":"ListItem","position":1,"name":"Portada","item":"https:\/\/www.sisa.hn\/en"},{"@type":"ListItem","position":2,"name":"Coverage Area and Storage"}]},{"@type":"WebSite","@id":"https:\/\/www.sisa.hn\/en\/#website","url":"https:\/\/www.sisa.hn\/en\/","name":"Surtidora Internacional","description":"","publisher":{"@id":"https:\/\/www.sisa.hn\/en\/#organization"},"potentialAction":[{"@type":"SearchAction","target":{"@type":"EntryPoint","urlTemplate":"https:\/\/www.sisa.hn\/en\/?s={search_term_string}"},"query-input":"required name=search_term_string"}],"inLanguage":"en-US"},{"@type":"Organization","@id":"https:\/\/www.sisa.hn\/en\/#organization","name":"Surtidora Internacional","url":"https:\/\/www.sisa.hn\/en\/","sameAs":["https:\/\/www.linkedin.com\/company\/surtidora-internacional-sisa"],"logo":{"@type":"ImageObject","inLanguage":"en-US","@id":"https:\/\/www.sisa.hn\/en\/#\/schema\/logo\/image\/","url":"https:\/\/www.sisa.hn\/wp-content\/uploads\/2018\/04\/logotipo-surtudira-internacional-de-honduras-sisa-lider-en-distribucion-y-servicio.png","contentUrl":"https:\/\/www.sisa.hn\/wp-content\/uploads\/2018\/04\/logotipo-surtudira-internacional-de-honduras-sisa-lider-en-distribucion-y-servicio.png","width":199,"height":62,"caption":"Surtidora Internacional"},"image":{"@id":"https:\/\/www.sisa.hn\/en\/#\/schema\/logo\/image\/"}}]}},"_links":{"self":[{"href":"https:\/\/www.sisa.hn\/en\/wp-json\/wp\/v2\/pages\/589"}],"collection":[{"href":"https:\/\/www.sisa.hn\/en\/wp-json\/wp\/v2\/pages"}],"about":[{"href":"https:\/\/www.sisa.hn\/en\/wp-json\/wp\/v2\/types\/page"}],"author":[{"embeddable":true,"href":"https:\/\/www.sisa.hn\/en\/wp-json\/wp\/v2\/users\/1"}],"replies":[{"embeddable":true,"href":"https:\/\/www.sisa.hn\/en\/wp-json\/wp\/v2\/comments?post=589"}],"version-history":[{"count":8,"href":"https:\/\/www.sisa.hn\/en\/wp-json\/wp\/v2\/pages\/589\/revisions"}],"predecessor-version":[{"id":767,"href":"https:\/\/www.sisa.hn\/en\/wp-json\/wp\/v2\/pages\/589\/revisions\/767"}],"wp:featuredmedia":[{"embeddable":true,"href":"https:\/\/www.sisa.hn\/en\/wp-json\/wp\/v2\/media\/558"}],"wp:attachment":[{"href":"https:\/\/www.sisa.hn\/en\/wp-json\/wp\/v2\/media?parent=589"}],"curies":[{"name":"wp","href":"https:\/\/api.w.org\/{rel}","templated":true}]}}